{"id":2717,"date":"2024-07-08T11:39:04","date_gmt":"2024-07-08T11:39:04","guid":{"rendered":"https:\/\/deltadevelopment.eu\/?page_id=2717"},"modified":"2026-03-24T09:38:04","modified_gmt":"2026-03-24T08:38:04","slug":"haftungsausschluss","status":"publish","type":"page","link":"https:\/\/deltadevelopment.eu\/de\/haftungsausschluss\/","title":{"rendered":"Haftungsausschluss"},"content":{"rendered":"<div data-elementor-type=\"wp-page\" data-elementor-id=\"2717\" class=\"elementor elementor-2717\" data-elementor-post-type=\"page\">\n\t\t\t\t<div class=\"elementor-element elementor-element-2f70eeb e-flex e-con-boxed e-con e-parent\" data-id=\"2f70eeb\" data-element_type=\"container\" data-e-type=\"container\" data-settings=\"{&quot;background_background&quot;:&quot;video&quot;,&quot;background_video_link&quot;:&quot;https:\\\/\\\/deltadevelopment.eu\\\/wp-content\\\/uploads\\\/2026\\\/02\\\/test-online-video-cutter.com_.mp4&quot;}\">\n\t\t\t\t\t<div class=\"e-con-inner\">\n\t\t<div class=\"elementor-background-video-container elementor-hidden-mobile\">\n\t\t\t\t\t\t\t<video class=\"elementor-background-video-hosted\" role=\"presentation\" autoplay muted playsinline loop><\/video>\n\t\t\t\t\t<\/div><div class=\"elementor-element elementor-element-03b365d e-con-full e-flex e-con e-child\" data-id=\"03b365d\" data-element_type=\"container\" data-e-type=\"container\">\n\t\t\t\t<div class=\"elementor-element elementor-element-88cc285 elementor-widget-tablet__width-initial elementor-widget elementor-widget-heading\" data-id=\"88cc285\" data-element_type=\"widget\" data-e-type=\"widget\" data-widget_type=\"heading.default\">\n\t\t\t\t<div class=\"elementor-widget-container\">\n\t\t\t\t\t<h1 class=\"elementor-heading-title elementor-size-default\"><u>Haftungsausschluss<\/u><\/h1>\t\t\t\t<\/div>\n\t\t\t\t<\/div>\n\t\t\t\t<\/div>\n\t\t\t\t\t<\/div>\n\t\t\t\t<\/div>\n\t\t<div class=\"elementor-element elementor-element-8ac907b e-flex e-con-boxed e-con e-parent\" data-id=\"8ac907b\" data-element_type=\"container\" data-e-type=\"container\">\n\t\t\t\t\t<div class=\"e-con-inner\">\n\t\t\t\t<div class=\"elementor-element elementor-element-7becd56 elementor-widget elementor-widget-text-editor\" data-id=\"7becd56\" data-element_type=\"widget\" data-e-type=\"widget\" data-widget_type=\"text-editor.default\">\n\t\t\t\t<div class=\"elementor-widget-container\">\n\t\t\t\t\t\t\t\t\t<p>Diese Website wurde mit der gr\u00f6\u00dftm\u00f6glichen Sorgfalt zusammengestellt. Dennoch \u00fcbernimmt die Delta Development Group keine Garantie f\u00fcr die Richtigkeit und\/oder Vollst\u00e4ndigkeit der Daten, Informationen oder Erkl\u00e4rungen auf dieser Website, noch f\u00fcr ihre Eignung f\u00fcr einen bestimmten Zweck, eine bestimmte Situation oder Anwendung. Die Informationen auf dieser Website werden regelm\u00e4\u00dfig erg\u00e4nzt, und eventuelle \u00c4nderungen k\u00f6nnen jederzeit mit sofortiger Wirkung und ohne Vorank\u00fcndigung vorgenommen werden. Die Delta Development Group \u00fcbernimmt keine Haftung f\u00fcr den Inhalt dieser Website und die darin enthaltenen Daten, Informationen oder Erkl\u00e4rungen sowie f\u00fcr deren Nutzung.<\/p>\n<p><!-- \/wp:paragraph --><!-- wp:paragraph --><\/p>\n<p>Aus den zur Verf\u00fcgung gestellten Daten, Informationen und Erl\u00e4uterungen k\u00f6nnen keine Rechte abgeleitet werden. Die Delta Development Group kann nicht garantieren, dass die Website ohne Fehler oder Unterbrechungen funktioniert. Die Delta Development Group \u00fcbernimmt keine Haftung f\u00fcr den Inhalt von Websites, die sie nicht unterh\u00e4lt und auf die auf ihrer Website verwiesen wird oder die mit der Website der Delta Development Group verlinkt sind.<\/p>\n<p><!-- \/wp:paragraph --><!-- wp:paragraph --><\/p>\n<p>Der Inhalt dieser Website darf ohne die vorherige schriftliche Zustimmung der Delta Development Group nicht vervielf\u00e4ltigt werden. Anfragen f\u00fcr eine Genehmigung oder weitere Informationen k\u00f6nnen an folgende Adresse gerichtet werden:<\/p>\n<p><!-- \/wp:paragraph --><!-- wp:paragraph --><\/p>\n<p><strong>Delta-Entwicklungsgruppe<\/strong><\/p>\n<p><!-- \/wp:paragraph --><!-- wp:paragraph --><\/p>\n<p>Telefon: (023) 310 5000<\/p>\n<p><!-- \/wp:paragraph --><!-- wp:paragraph --><\/p>\n<p>E-Mail:<\/p>\n<p><!-- \/wp:paragraph --><!-- wp:paragraph --><\/p>\n<p>\u00a9 Delta Development Group. Alle Rechte vorbehalten.<\/p>\n<p><!-- \/wp:paragraph --><\/p>\t\t\t\t\t\t\t\t<\/div>\n\t\t\t\t<\/div>\n\t\t\t\t\t<\/div>\n\t\t\t\t<\/div>\n\t\t\t\t<\/div>","protected":false},"excerpt":{"rendered":"<p>Diese Website wurde mit der gr\u00f6\u00dftm\u00f6glichen Sorgfalt zusammengestellt. Dennoch \u00fcbernimmt die Delta Development Group keine Garantie f\u00fcr die Richtigkeit und\/oder Vollst\u00e4ndigkeit der Daten, Informationen oder Erkl\u00e4rungen auf dieser Website, noch f\u00fcr deren Eignung f\u00fcr einen bestimmten Zweck, eine bestimmte Situation oder Anwendung. Die Informationen auf dieser [...]<\/p>","protected":false},"author":2,"featured_media":0,"parent":0,"menu_order":0,"comment_status":"closed","ping_status":"closed","template":"","meta":{"content-type":"","footnotes":""},"class_list":["post-2717","page","type-page","status-publish","hentry"],"meta_box":[],"_links":{"self":[{"href":"https:\/\/deltadevelopment.eu\/de\/wp-json\/wp\/v2\/pages\/2717","targetHints":{"allow":["GET"]}}],"collection":[{"href":"https:\/\/deltadevelopment.eu\/de\/wp-json\/wp\/v2\/pages"}],"about":[{"href":"https:\/\/deltadevelopment.eu\/de\/wp-json\/wp\/v2\/types\/page"}],"author":[{"embeddable":true,"href":"https:\/\/deltadevelopment.eu\/de\/wp-json\/wp\/v2\/users\/2"}],"replies":[{"embeddable":true,"href":"https:\/\/deltadevelopment.eu\/de\/wp-json\/wp\/v2\/comments?post=2717"}],"version-history":[{"count":24,"href":"https:\/\/deltadevelopment.eu\/de\/wp-json\/wp\/v2\/pages\/2717\/revisions"}],"predecessor-version":[{"id":7232,"href":"https:\/\/deltadevelopment.eu\/de\/wp-json\/wp\/v2\/pages\/2717\/revisions\/7232"}],"wp:attachment":[{"href":"https:\/\/deltadevelopment.eu\/de\/wp-json\/wp\/v2\/media?parent=2717"}],"curies":[{"name":"wp","href":"https:\/\/api.w.org\/{rel}","templated":true}]}}