{"id":2725,"date":"2024-07-08T11:49:51","date_gmt":"2024-07-08T11:49:51","guid":{"rendered":"https:\/\/deltadevelopment.eu\/?page_id=2725"},"modified":"2026-03-24T09:37:56","modified_gmt":"2026-03-24T08:37:56","slug":"erklarung-zum-datenschutz","status":"publish","type":"page","link":"https:\/\/deltadevelopment.eu\/de\/erklarung-zum-datenschutz\/","title":{"rendered":"Erkl\u00e4rung zum Datenschutz"},"content":{"rendered":"<div data-elementor-type=\"wp-page\" data-elementor-id=\"2725\" class=\"elementor elementor-2725\" data-elementor-post-type=\"page\">\n\t\t\t\t<div class=\"elementor-element elementor-element-d8cc474 e-flex e-con-boxed e-con e-parent\" data-id=\"d8cc474\" data-element_type=\"container\" data-e-type=\"container\" data-settings=\"{&quot;background_background&quot;:&quot;video&quot;,&quot;background_video_link&quot;:&quot;https:\\\/\\\/deltadevelopment.eu\\\/wp-content\\\/uploads\\\/2026\\\/02\\\/test-online-video-cutter.com_.mp4&quot;}\">\n\t\t\t\t\t<div class=\"e-con-inner\">\n\t\t<div class=\"elementor-background-video-container elementor-hidden-mobile\">\n\t\t\t\t\t\t\t<video class=\"elementor-background-video-hosted\" role=\"presentation\" autoplay muted playsinline loop><\/video>\n\t\t\t\t\t<\/div>\t\t<div class=\"elementor-element elementor-element-6071c22 elementor-widget elementor-widget-heading\" data-id=\"6071c22\" data-element_type=\"widget\" data-e-type=\"widget\" data-widget_type=\"heading.default\">\n\t\t\t\t<div class=\"elementor-widget-container\">\n\t\t\t\t\t<h1 class=\"elementor-heading-title elementor-size-default\">Erkl\u00e4rung zum Datenschutz<\/h1>\t\t\t\t<\/div>\n\t\t\t\t<\/div>\n\t\t\t\t\t<\/div>\n\t\t\t\t<\/div>\n\t\t<div class=\"elementor-element elementor-element-97bd48a e-flex e-con-boxed e-con e-parent\" data-id=\"97bd48a\" data-element_type=\"container\" data-e-type=\"container\">\n\t\t\t\t\t<div class=\"e-con-inner\">\n\t\t\t\t<div class=\"elementor-element elementor-element-031ef0f elementor-widget elementor-widget-text-editor\" data-id=\"031ef0f\" data-element_type=\"widget\" data-e-type=\"widget\" data-widget_type=\"text-editor.default\">\n\t\t\t\t<div class=\"elementor-widget-container\">\n\t\t\t\t\t\t\t\t\t<p>Die Delta Development Group mit Sitz in der Taurusavenue 60, 2132 LS Hoofddorp, ist f\u00fcr die Verarbeitung der in dieser Datenschutzerkl\u00e4rung genannten personenbezogenen Daten verantwortlich.<\/p><p><strong>Kontaktinformationen:<\/strong><\/p><p>www.deltadevelopment.eu<\/p><p>Taurusavenue 60<\/p><p>2132 LS Hoofddorp<\/p><p>+31 23 7600500<\/p><p>Sjanie Martis ist die Datenschutzbeauftragte der Delta Development Group und kann unter sjanie@deltadevelopment.eu erreicht werden.<\/p>\t\t\t\t\t\t\t\t<\/div>\n\t\t\t\t<\/div>\n\t\t\t\t<div class=\"elementor-element elementor-element-d00958c elementor-widget elementor-widget-text-editor\" data-id=\"d00958c\" data-element_type=\"widget\" data-e-type=\"widget\" data-widget_type=\"text-editor.default\">\n\t\t\t\t<div class=\"elementor-widget-container\">\n\t\t\t\t\t\t\t\t\t<p><strong><u>Von uns verarbeitete personenbezogene Daten<\/u><\/strong><\/p><p>Die Delta Development Group verarbeitet Ihre pers\u00f6nlichen Daten, weil Sie unsere Dienstleistungen in Anspruch nehmen und\/oder weil Sie sie uns selbst zur Verf\u00fcgung stellen.<\/p><p>Nachstehend finden Sie einen \u00dcberblick \u00fcber die von uns verarbeiteten personenbezogenen Daten:<\/p><ul><li>Vorname und Nachname<\/li><li>Geschlecht<\/li><li>Angaben zur Adresse<\/li><li>Telefonnummer<\/li><li>E-Mail Adresse<\/li><li>Sonstige personenbezogene Daten, die Sie uns aktiv zur Verf\u00fcgung stellen, z. B. im Schriftverkehr und per Telefon<\/li><li>Bankkontonummer (falls im Zusammenhang mit der Bestellung relevant)<\/li><\/ul>\t\t\t\t\t\t\t\t<\/div>\n\t\t\t\t<\/div>\n\t\t\t\t<div class=\"elementor-element elementor-element-e778330 elementor-widget elementor-widget-text-editor\" data-id=\"e778330\" data-element_type=\"widget\" data-e-type=\"widget\" data-widget_type=\"text-editor.default\">\n\t\t\t\t<div class=\"elementor-widget-container\">\n\t\t\t\t\t\t\t\t\t<p><strong><u>Besondere und\/oder sensible personenbezogene Daten, die wir verarbeiten<\/u><\/strong><\/p><p>Unsere Website und\/oder unser Dienst haben nicht die Absicht, Daten von Website-Besuchern zu sammeln, die unter 16 Jahre alt sind. Es sei denn, sie haben die Zustimmung ihrer Eltern oder Erziehungsberechtigten. Wir k\u00f6nnen jedoch nicht \u00fcberpr\u00fcfen, ob ein Besucher \u00e4lter als 16 Jahre ist. Wir raten daher den Eltern, die Online-Aktivit\u00e4ten ihrer Kinder zu \u00fcberwachen, um zu vermeiden, dass Daten von Kindern ohne elterliche Zustimmung erfasst werden. Wenn Sie davon \u00fcberzeugt sind, dass wir personenbezogene Daten \u00fcber einen Minderj\u00e4hrigen ohne eine solche Zustimmung gesammelt haben, wenden Sie sich bitte an sjanie@deltadevelopment.eu, und wir werden diese Informationen l\u00f6schen.<\/p>\t\t\t\t\t\t\t\t<\/div>\n\t\t\t\t<\/div>\n\t\t\t\t<div class=\"elementor-element elementor-element-87aebe2 elementor-widget elementor-widget-text-editor\" data-id=\"87aebe2\" data-element_type=\"widget\" data-e-type=\"widget\" data-widget_type=\"text-editor.default\">\n\t\t\t\t<div class=\"elementor-widget-container\">\n\t\t\t\t\t\t\t\t\t<p><strong><u>Zu welchem Zweck und auf welcher Grundlage wir personenbezogene Daten verarbeiten<\/u><\/strong><\/p><p>Die Delta Development Group verarbeitet Ihre pers\u00f6nlichen Daten f\u00fcr die folgenden Zwecke:<\/p><ul><li>Abwicklung Ihrer Zahlung<\/li><li>Um Sie anrufen oder Ihnen eine E-Mail schicken zu k\u00f6nnen, wenn dies f\u00fcr die Erbringung unserer Dienstleistungen und f\u00fcr die Zusammenarbeit bei Projekten erforderlich ist.<\/li><li>Die Delta Development Group verarbeitet auch personenbezogene Daten, wenn wir gesetzlich dazu verpflichtet sind, wie z. B. Daten, die wir f\u00fcr unsere Steuererkl\u00e4rung ben\u00f6tigen.<\/li><\/ul>\t\t\t\t\t\t\t\t<\/div>\n\t\t\t\t<\/div>\n\t\t\t\t<div class=\"elementor-element elementor-element-4967de6 elementor-widget elementor-widget-text-editor\" data-id=\"4967de6\" data-element_type=\"widget\" data-e-type=\"widget\" data-widget_type=\"text-editor.default\">\n\t\t\t\t<div class=\"elementor-widget-container\">\n\t\t\t\t\t\t\t\t\t<p><strong><u>Automatisierte Entscheidungsfindung<\/u><\/strong><\/p><p>Die Delta Development Group trifft Entscheidungen \u00fcber Angelegenheiten, die Einzelpersonen (erheblich) beeintr\u00e4chtigen k\u00f6nnten, auf der Grundlage einer automatisierten Verarbeitung [oder nicht]. Dies sind Entscheidungen, die von Computerprogrammen oder -systemen getroffen werden, ohne dass eine Person (z. B. ein Mitarbeiter der Delta Development Group) daran beteiligt ist. Die Delta Development Group verwendet die folgenden Computerprogramme oder -systeme:<\/p>\t\t\t\t\t\t\t\t<\/div>\n\t\t\t\t<\/div>\n\t\t\t\t<div class=\"elementor-element elementor-element-1663751 elementor-widget elementor-widget-text-editor\" data-id=\"1663751\" data-element_type=\"widget\" data-e-type=\"widget\" data-widget_type=\"text-editor.default\">\n\t\t\t\t<div class=\"elementor-widget-container\">\n\t\t\t\t\t\t\t\t\t<p><span style=\"text-decoration: underline;\"><strong>Wie lange wir personenbezogene Daten aufbewahren<\/strong><\/span><\/p><p>Die Delta Development Group bewahrt Ihre personenbezogenen Daten nicht l\u00e4nger auf, als es f\u00fcr die Erf\u00fcllung der Zwecke, f\u00fcr die Ihre Daten erhoben wurden, unbedingt erforderlich ist. Wir verwenden die folgenden Aufbewahrungsfristen f\u00fcr die folgenden (Kategorien von) personenbezogenen Daten:<\/p>\t\t\t\t\t\t\t\t<\/div>\n\t\t\t\t<\/div>\n\t\t\t\t\t<\/div>\n\t\t\t\t<\/div>\n\t\t<div class=\"elementor-element elementor-element-baafc58 e-flex e-con-boxed e-con e-parent\" data-id=\"baafc58\" data-element_type=\"container\" data-e-type=\"container\">\n\t\t\t\t\t<div class=\"e-con-inner\">\n\t\t\t\t<div class=\"elementor-element elementor-element-fee4e23 elementor-widget elementor-widget-n-accordion\" data-id=\"fee4e23\" data-element_type=\"widget\" data-e-type=\"widget\" data-settings=\"{&quot;default_state&quot;:&quot;expanded&quot;,&quot;max_items_expended&quot;:&quot;one&quot;,&quot;n_accordion_animation_duration&quot;:{&quot;unit&quot;:&quot;ms&quot;,&quot;size&quot;:400,&quot;sizes&quot;:[]}}\" data-widget_type=\"nested-accordion.default\">\n\t\t\t\t<div class=\"elementor-widget-container\">\n\t\t\t\t\t\t\t<div class=\"e-n-accordion\" aria-label=\"Akkordeon. \u00d6ffnen Sie Links mit Enter oder Space, schlie\u00dfen Sie sie mit Escape und navigieren Sie mit den Pfeiltasten.\">\n\t\t\t\t\t\t<details id=\"e-n-accordion-item-2670\" class=\"e-n-accordion-item\" open>\n\t\t\t\t<summary class=\"e-n-accordion-item-title\" data-accordion-index=\"1\" tabindex=\"0\" aria-expanded=\"true\" aria-controls=\"e-n-accordion-item-2670\" >\n\t\t\t\t\t<span class='e-n-accordion-item-title-header'><div class=\"e-n-accordion-item-title-text\"> Projektpartner <\/div><\/span>\n\t\t\t\t\t\t\t<span class='e-n-accordion-item-title-icon'>\n\t\t\t<span class='e-opened' ><svg aria-hidden=\"true\" class=\"e-font-icon-svg e-fas-minus\" viewbox=\"0 0 448 512\" xmlns=\"http:\/\/www.w3.org\/2000\/svg\"><path d=\"M416 208H32c-17.67 0-32 14.33-32 32v32c0 17.67 14.33 32 32 32h384c17.67 0 32-14.33 32-32v-32c0-17.67-14.33-32-32-32z\"><\/path><\/svg><\/span>\n\t\t\t<span class='e-closed'><svg aria-hidden=\"true\" class=\"e-font-icon-svg e-fas-plus\" viewbox=\"0 0 448 512\" xmlns=\"http:\/\/www.w3.org\/2000\/svg\"><path d=\"M416 208H272V64c0-17.67-14.33-32-32-32h-32c-17.67 0-32 14.33-32 32v144H32c-17.67 0-32 14.33-32 32v32c0 17.67 14.33 32 32 32h144v144c0 17.67 14.33 32 32 32h32c17.67 0 32-14.33 32-32V304h144c17.67 0 32-14.33 32-32v-32c0-17.67-14.33-32-32-32z\"><\/path><\/svg><\/span>\n\t\t<\/span>\n\n\t\t\t\t\t\t<\/summary>\n\t\t\t\t<div role=\"region\" aria-labelledby=\"e-n-accordion-item-2670\" class=\"elementor-element elementor-element-1a9c271 e-con-full e-flex e-con e-child\" data-id=\"1a9c271\" data-element_type=\"container\" data-e-type=\"container\">\n\t\t\t\t<div class=\"elementor-element elementor-element-8710e31 elementor-widget elementor-widget-text-editor\" data-id=\"8710e31\" data-element_type=\"widget\" data-e-type=\"widget\" data-widget_type=\"text-editor.default\">\n\t\t\t\t<div class=\"elementor-widget-container\">\n\t\t\t\t\t\t\t\t\t<p><span style=\"text-decoration: underline;\"><strong>Daten<\/strong><\/span><\/p><ul><li>NAW<\/li><li>Handelskammer<\/li><li>MwSt.-Daten<\/li><li>Gesetzlich vorgeschriebene Daten<\/li><\/ul><p><span style=\"text-decoration: underline;\"><strong>Aufbewahrungsfrist<\/strong><\/span><\/p><ul><li>7 Jahre<\/li><\/ul><p><span style=\"text-decoration: underline;\"><strong>Grund<\/strong><\/span><\/p><ul><li>Gesetzliche Verpflichtung gegen\u00fcber den Steuerbeh\u00f6rden<\/li><\/ul>\t\t\t\t\t\t\t\t<\/div>\n\t\t\t\t<\/div>\n\t\t\t\t<\/div>\n\t\t\t\t\t<\/details>\n\t\t\t\t\t\t<details id=\"e-n-accordion-item-2671\" class=\"e-n-accordion-item\" >\n\t\t\t\t<summary class=\"e-n-accordion-item-title\" data-accordion-index=\"2\" tabindex=\"-1\" aria-expanded=\"false\" aria-controls=\"e-n-accordion-item-2671\" >\n\t\t\t\t\t<span class='e-n-accordion-item-title-header'><div class=\"e-n-accordion-item-title-text\"> Personal <\/div><\/span>\n\t\t\t\t\t\t\t<span class='e-n-accordion-item-title-icon'>\n\t\t\t<span class='e-opened' ><svg aria-hidden=\"true\" class=\"e-font-icon-svg e-fas-minus\" viewbox=\"0 0 448 512\" xmlns=\"http:\/\/www.w3.org\/2000\/svg\"><path d=\"M416 208H32c-17.67 0-32 14.33-32 32v32c0 17.67 14.33 32 32 32h384c17.67 0 32-14.33 32-32v-32c0-17.67-14.33-32-32-32z\"><\/path><\/svg><\/span>\n\t\t\t<span class='e-closed'><svg aria-hidden=\"true\" class=\"e-font-icon-svg e-fas-plus\" viewbox=\"0 0 448 512\" xmlns=\"http:\/\/www.w3.org\/2000\/svg\"><path d=\"M416 208H272V64c0-17.67-14.33-32-32-32h-32c-17.67 0-32 14.33-32 32v144H32c-17.67 0-32 14.33-32 32v32c0 17.67 14.33 32 32 32h144v144c0 17.67 14.33 32 32 32h32c17.67 0 32-14.33 32-32V304h144c17.67 0 32-14.33 32-32v-32c0-17.67-14.33-32-32-32z\"><\/path><\/svg><\/span>\n\t\t<\/span>\n\n\t\t\t\t\t\t<\/summary>\n\t\t\t\t<div role=\"region\" aria-labelledby=\"e-n-accordion-item-2671\" class=\"elementor-element elementor-element-dc6aa67 e-con-full e-flex e-con e-child\" data-id=\"dc6aa67\" data-element_type=\"container\" data-e-type=\"container\">\n\t\t\t\t<div class=\"elementor-element elementor-element-c5535c3 elementor-widget elementor-widget-text-editor\" data-id=\"c5535c3\" data-element_type=\"widget\" data-e-type=\"widget\" data-widget_type=\"text-editor.default\">\n\t\t\t\t<div class=\"elementor-widget-container\">\n\t\t\t\t\t\t\t\t\t<p><span style=\"text-decoration: underline;\"><strong>Daten<\/strong><\/span><\/p><ul><li>NAW<\/li><li>Bankkonto Nr.<\/li><li>Gesetzlich vorgeschriebene Daten<\/li><\/ul><p><span style=\"text-decoration: underline;\"><strong>Aufbewahrungsfrist<\/strong><\/span><\/p><ul><li>7 Jahre<\/li><\/ul><p><span style=\"text-decoration: underline;\"><strong>Grund<\/strong><\/span><\/p><ul><li>Gesetzliche Verpflichtung gegen\u00fcber den Steuerbeh\u00f6rden<\/li><\/ul>\t\t\t\t\t\t\t\t<\/div>\n\t\t\t\t<\/div>\n\t\t\t\t<\/div>\n\t\t\t\t\t<\/details>\n\t\t\t\t\t\t<details id=\"e-n-accordion-item-2672\" class=\"e-n-accordion-item\" >\n\t\t\t\t<summary class=\"e-n-accordion-item-title\" data-accordion-index=\"3\" tabindex=\"-1\" aria-expanded=\"false\" aria-controls=\"e-n-accordion-item-2672\" >\n\t\t\t\t\t<span class='e-n-accordion-item-title-header'><div class=\"e-n-accordion-item-title-text\"> ZZP'er &amp; Lieferanten <\/div><\/span>\n\t\t\t\t\t\t\t<span class='e-n-accordion-item-title-icon'>\n\t\t\t<span class='e-opened' ><svg aria-hidden=\"true\" class=\"e-font-icon-svg e-fas-minus\" viewbox=\"0 0 448 512\" xmlns=\"http:\/\/www.w3.org\/2000\/svg\"><path d=\"M416 208H32c-17.67 0-32 14.33-32 32v32c0 17.67 14.33 32 32 32h384c17.67 0 32-14.33 32-32v-32c0-17.67-14.33-32-32-32z\"><\/path><\/svg><\/span>\n\t\t\t<span class='e-closed'><svg aria-hidden=\"true\" class=\"e-font-icon-svg e-fas-plus\" viewbox=\"0 0 448 512\" xmlns=\"http:\/\/www.w3.org\/2000\/svg\"><path d=\"M416 208H272V64c0-17.67-14.33-32-32-32h-32c-17.67 0-32 14.33-32 32v144H32c-17.67 0-32 14.33-32 32v32c0 17.67 14.33 32 32 32h144v144c0 17.67 14.33 32 32 32h32c17.67 0 32-14.33 32-32V304h144c17.67 0 32-14.33 32-32v-32c0-17.67-14.33-32-32-32z\"><\/path><\/svg><\/span>\n\t\t<\/span>\n\n\t\t\t\t\t\t<\/summary>\n\t\t\t\t<div role=\"region\" aria-labelledby=\"e-n-accordion-item-2672\" class=\"elementor-element elementor-element-3b4969f e-con-full e-flex e-con e-child\" data-id=\"3b4969f\" data-element_type=\"container\" data-e-type=\"container\">\n\t\t\t\t<div class=\"elementor-element elementor-element-cd3a5f5 elementor-widget elementor-widget-text-editor\" data-id=\"cd3a5f5\" data-element_type=\"widget\" data-e-type=\"widget\" data-widget_type=\"text-editor.default\">\n\t\t\t\t<div class=\"elementor-widget-container\">\n\t\t\t\t\t\t\t\t\t<p><span style=\"text-decoration: underline;\"><strong>Daten<\/strong><\/span><\/p><ul><li>NAW<\/li><li>Handelskammer<\/li><li>MwSt.-Daten<\/li><li>Bankkonto Nr.<\/li><li>Gesetzlich vorgeschriebene Daten<\/li><\/ul><p><span style=\"text-decoration: underline;\"><strong>Aufbewahrungsfrist<\/strong><\/span><\/p><ul><li>7 Jahre<\/li><\/ul><p><span style=\"text-decoration: underline;\"><strong>Grund<\/strong><\/span><\/p><ul><li>Gesetzliche Verpflichtung gegen\u00fcber den Steuerbeh\u00f6rden<\/li><\/ul>\t\t\t\t\t\t\t\t<\/div>\n\t\t\t\t<\/div>\n\t\t\t\t<\/div>\n\t\t\t\t\t<\/details>\n\t\t\t\t\t\t<details id=\"e-n-accordion-item-2673\" class=\"e-n-accordion-item\" >\n\t\t\t\t<summary class=\"e-n-accordion-item-title\" data-accordion-index=\"4\" tabindex=\"-1\" aria-expanded=\"false\" aria-controls=\"e-n-accordion-item-2673\" >\n\t\t\t\t\t<span class='e-n-accordion-item-title-header'><div class=\"e-n-accordion-item-title-text\"> Antragsteller <\/div><\/span>\n\t\t\t\t\t\t\t<span class='e-n-accordion-item-title-icon'>\n\t\t\t<span class='e-opened' ><svg aria-hidden=\"true\" class=\"e-font-icon-svg e-fas-minus\" viewbox=\"0 0 448 512\" xmlns=\"http:\/\/www.w3.org\/2000\/svg\"><path d=\"M416 208H32c-17.67 0-32 14.33-32 32v32c0 17.67 14.33 32 32 32h384c17.67 0 32-14.33 32-32v-32c0-17.67-14.33-32-32-32z\"><\/path><\/svg><\/span>\n\t\t\t<span class='e-closed'><svg aria-hidden=\"true\" class=\"e-font-icon-svg e-fas-plus\" viewbox=\"0 0 448 512\" xmlns=\"http:\/\/www.w3.org\/2000\/svg\"><path d=\"M416 208H272V64c0-17.67-14.33-32-32-32h-32c-17.67 0-32 14.33-32 32v144H32c-17.67 0-32 14.33-32 32v32c0 17.67 14.33 32 32 32h144v144c0 17.67 14.33 32 32 32h32c17.67 0 32-14.33 32-32V304h144c17.67 0 32-14.33 32-32v-32c0-17.67-14.33-32-32-32z\"><\/path><\/svg><\/span>\n\t\t<\/span>\n\n\t\t\t\t\t\t<\/summary>\n\t\t\t\t<div role=\"region\" aria-labelledby=\"e-n-accordion-item-2673\" class=\"elementor-element elementor-element-0ee6d95 e-flex e-con-boxed e-con e-child\" data-id=\"0ee6d95\" data-element_type=\"container\" data-e-type=\"container\">\n\t\t\t\t\t<div class=\"e-con-inner\">\n\t\t\t\t<div class=\"elementor-element elementor-element-6d04399 elementor-widget elementor-widget-text-editor\" data-id=\"6d04399\" data-element_type=\"widget\" data-e-type=\"widget\" data-widget_type=\"text-editor.default\">\n\t\t\t\t<div class=\"elementor-widget-container\">\n\t\t\t\t\t\t\t\t\t<p><span style=\"text-decoration: underline;\"><strong>Daten<\/strong><\/span><\/p><ul><li>NAW<\/li><li>CV<\/li><\/ul><p><span style=\"text-decoration: underline;\"><strong>Aufbewahrungsfrist<\/strong><\/span><\/p><ul><li>3 Monate<\/li><\/ul><p><span style=\"text-decoration: underline;\"><strong>Grund<\/strong><\/span><\/p><ul><li>Nach Beendigung und Erledigung des Verfahrens<\/li><\/ul>\t\t\t\t\t\t\t\t<\/div>\n\t\t\t\t<\/div>\n\t\t\t\t\t<\/div>\n\t\t\t\t<\/div>\n\t\t\t\t\t<\/details>\n\t\t\t\t\t<\/div>\n\t\t\t\t\t\t<\/div>\n\t\t\t\t<\/div>\n\t\t\t\t<div class=\"elementor-element elementor-element-68afd42 elementor-widget elementor-widget-text-editor\" data-id=\"68afd42\" data-element_type=\"widget\" data-e-type=\"widget\" data-widget_type=\"text-editor.default\">\n\t\t\t\t<div class=\"elementor-widget-container\">\n\t\t\t\t\t\t\t\t\t<p><strong><u>Weitergabe personenbezogener Daten an Dritte<\/u><\/strong><\/p><p>Delta Development Group stellt diese Daten nur Dritten zur Verf\u00fcgung, und auch nur dann, wenn dies f\u00fcr die Erf\u00fcllung unserer Vereinbarung mit Ihnen oder zur Erf\u00fcllung einer gesetzlichen Verpflichtung erforderlich ist.<\/p>\t\t\t\t\t\t\t\t<\/div>\n\t\t\t\t<\/div>\n\t\t\t\t<div class=\"elementor-element elementor-element-c42df16 elementor-widget elementor-widget-text-editor\" data-id=\"c42df16\" data-element_type=\"widget\" data-e-type=\"widget\" data-widget_type=\"text-editor.default\">\n\t\t\t\t<div class=\"elementor-widget-container\">\n\t\t\t\t\t\t\t\t\t<p><strong><u>Cookies oder \u00e4hnliche Techniken, die wir verwenden<\/u><\/strong><\/p><p>Die Delta Development Group verwendet funktionale, analytische und Tracking-Cookies. Ein Cookie ist eine kleine Textdatei, die im Browser Ihres Computers, Tablets oder Smartphones gespeichert wird, wenn Sie diese Website zum ersten Mal besuchen. Die Delta Development Group verwendet Cookies mit einer rein technischen Funktion. Diese sorgen daf\u00fcr, dass die Website ordnungsgem\u00e4\u00df funktioniert und dass beispielsweise Ihre Pr\u00e4ferenzen gespeichert werden. Diese Cookies werden auch verwendet, um das Funktionieren der Website zu gew\u00e4hrleisten und sie zu optimieren. Dar\u00fcber hinaus setzen wir Cookies, die Ihr Surfverhalten (anonymisiert) verfolgen, damit wir unsere Website auf der Grundlage von Google Analytics \u00fcber vergleichbare Programme optimieren k\u00f6nnen.<\/p><p>Bei Ihrem ersten Besuch auf unserer Website haben wir Sie bereits \u00fcber diese Cookies informiert und um Ihr Einverst\u00e4ndnis gebeten, sie zu setzen.<\/p><p>Sie k\u00f6nnen die Verwendung von Cookies ablehnen, indem Sie Ihren Internet-Browser so einstellen, dass keine Cookies mehr gespeichert werden. Dar\u00fcber hinaus k\u00f6nnen Sie \u00fcber die Einstellungen Ihres Browsers alle zuvor gespeicherten Informationen l\u00f6schen.<\/p><p>F\u00fcr eine Erkl\u00e4rung siehe: https:\/\/veiliginternetten.nl\/themes\/situatie\/cookies-wat-zijn-het-en-wat-doe-ik-ermee\/<\/p>\t\t\t\t\t\t\t\t<\/div>\n\t\t\t\t<\/div>\n\t\t\t\t<div class=\"elementor-element elementor-element-2999494 elementor-widget elementor-widget-text-editor\" data-id=\"2999494\" data-element_type=\"widget\" data-e-type=\"widget\" data-widget_type=\"text-editor.default\">\n\t\t\t\t<div class=\"elementor-widget-container\">\n\t\t\t\t\t\t\t\t\t<p><u><strong>Daten ansehen, \u00e4ndern oder l\u00f6schen<\/strong><\/u><\/p><p>Sie haben das Recht, Ihre personenbezogenen Daten einzusehen, zu korrigieren oder zu l\u00f6schen. Dar\u00fcber hinaus haben Sie das Recht, Ihre eventuelle Zustimmung zur Datenverarbeitung zur\u00fcckzuziehen oder der Verarbeitung Ihrer personenbezogenen Daten durch die Delta Development Group zu widersprechen, und Sie haben das Recht auf Daten\u00fcbertragbarkeit. Das bedeutet, dass Sie bei uns beantragen k\u00f6nnen, dass die personenbezogenen Daten, die wir \u00fcber Sie in einer Computerdatei gespeichert haben, an Sie oder eine andere von Ihnen benannte Organisation \u00fcbermittelt werden.<\/p><p>Sie k\u00f6nnen einen Antrag auf Zugang, Berichtigung, L\u00f6schung oder \u00dcbertragung Ihrer personenbezogenen Daten oder auf Widerruf Ihrer Einwilligung oder Widerspruch gegen die Verarbeitung Ihrer personenbezogenen Daten an sjanie@deltadevelopment.eu richten.<\/p><p>Um sicherzustellen, dass der Antrag auf Einsichtnahme von Ihnen gestellt wird, bitten wir Sie, dem Antrag eine Kopie Ihres Identit\u00e4tsnachweises beizuf\u00fcgen. Schw\u00e4rzen Sie auf dieser Kopie Ihr Passfoto, die MRZ (maschinenlesbare Zone, der Zahlenstreifen am unteren Rand des Passes), die Passnummer und die B\u00fcrgerservicenummer (BSN). Dies dient dem Schutz Ihrer Privatsph\u00e4re. Wir werden Ihren Antrag so schnell wie m\u00f6glich, jedoch innerhalb von vier Wochen, beantworten.<\/p><p>Die Delta Development Group m\u00f6chte Sie auch dar\u00fcber informieren, dass Sie die M\u00f6glichkeit haben, eine Beschwerde bei der nationalen Aufsichtsbeh\u00f6rde, der Beh\u00f6rde f\u00fcr personenbezogene Daten, einzureichen. Sie k\u00f6nnen dies \u00fcber den folgenden Link tun: https:\/\/autoriteitpersoonsgegevens.nl\/nl\/contact-met-de-autoriteit-persoonsgegevens\/tip-ons<\/p>\t\t\t\t\t\t\t\t<\/div>\n\t\t\t\t<\/div>\n\t\t\t\t<div class=\"elementor-element elementor-element-09d912b elementor-widget elementor-widget-text-editor\" data-id=\"09d912b\" data-element_type=\"widget\" data-e-type=\"widget\" data-widget_type=\"text-editor.default\">\n\t\t\t\t<div class=\"elementor-widget-container\">\n\t\t\t\t\t\t\t\t\t<p><strong><u>Wie wir personenbezogene Daten sch\u00fctzen<\/u><\/strong><\/p><p>Die Delta Development Group nimmt den Schutz Ihrer Daten ernst und ergreift geeignete Ma\u00dfnahmen, um Missbrauch, Verlust, unbefugtem Zugriff, unerw\u00fcnschter Offenlegung und unbefugter \u00c4nderung entgegenzuwirken. Wenn Sie den Eindruck haben, dass Ihre Daten nicht ordnungsgem\u00e4\u00df gesichert sind oder es Anzeichen f\u00fcr einen Missbrauch gibt, wenden Sie sich bitte an unser Kundendienstteam oder \u00fcber sjanie@deltadevelopment.eu<\/p>\t\t\t\t\t\t\t\t<\/div>\n\t\t\t\t<\/div>\n\t\t\t\t\t<\/div>\n\t\t\t\t<\/div>\n\t\t\t\t<\/div>","protected":false},"excerpt":{"rendered":"<p>Die Delta Development Group mit Sitz in der Taurusavenue 60, 2132 LS Hoofddorp, ist f\u00fcr die Verarbeitung der in dieser Datenschutzerkl\u00e4rung genannten personenbezogenen Daten verantwortlich. Kontaktdaten: www.deltadevelopment.eu Taurusavenue 60 2132 LS Hoofddorp +31 23 7600500 Sjanie Martis ist die Datenschutzbeauftragte der Delta Development Group. Sie ist erreichbar unter sjanie@deltadevelopment.eu Personenbezogene Daten, die wir verarbeiten Delta Development Group [...]<\/p>","protected":false},"author":2,"featured_media":0,"parent":0,"menu_order":0,"comment_status":"closed","ping_status":"closed","template":"","meta":{"content-type":"","footnotes":""},"class_list":["post-2725","page","type-page","status-publish","hentry"],"meta_box":[],"_links":{"self":[{"href":"https:\/\/deltadevelopment.eu\/de\/wp-json\/wp\/v2\/pages\/2725","targetHints":{"allow":["GET"]}}],"collection":[{"href":"https:\/\/deltadevelopment.eu\/de\/wp-json\/wp\/v2\/pages"}],"about":[{"href":"https:\/\/deltadevelopment.eu\/de\/wp-json\/wp\/v2\/types\/page"}],"author":[{"embeddable":true,"href":"https:\/\/deltadevelopment.eu\/de\/wp-json\/wp\/v2\/users\/2"}],"replies":[{"embeddable":true,"href":"https:\/\/deltadevelopment.eu\/de\/wp-json\/wp\/v2\/comments?post=2725"}],"version-history":[{"count":9,"href":"https:\/\/deltadevelopment.eu\/de\/wp-json\/wp\/v2\/pages\/2725\/revisions"}],"predecessor-version":[{"id":7229,"href":"https:\/\/deltadevelopment.eu\/de\/wp-json\/wp\/v2\/pages\/2725\/revisions\/7229"}],"wp:attachment":[{"href":"https:\/\/deltadevelopment.eu\/de\/wp-json\/wp\/v2\/media?parent=2725"}],"curies":[{"name":"wp","href":"https:\/\/api.w.org\/{rel}","templated":true}]}}